{"id":483,"date":"2025-04-01T12:16:11","date_gmt":"2025-04-01T10:16:11","guid":{"rendered":"https:\/\/kampagne.fdp.ch\/impressum\/"},"modified":"2025-04-17T16:16:52","modified_gmt":"2025-04-17T14:16:52","slug":"impressum","status":"publish","type":"page","link":"https:\/\/kampagne.fdp.ch\/fr\/impressum\/","title":{"rendered":"Impressum"},"content":{"rendered":"\n<p><strong><strong>Exploitant du site web<\/strong><\/strong><br>PLR.Les Lib\u00e9raux-Radicaux<br>Neuengasse 20<br>Case postale<br>CH-3011 Berne<br><a href=\"mailto:info@plr.ch\">info@plr.ch<\/a><\/p>\n\n\n\n<p><strong><strong>Concept et programmation<\/strong><\/strong><br>BERTAKOMM<br>Josefstrasse 212<br>8005 Z\u00fcrich<br><a href=\"http:\/\/www.berta-kommunikation.ch\/\" target=\"_blank\" rel=\"noreferrer noopener\">www.bertakomm.ch<\/a><\/p>\n\n\n\n<p><strong><strong>H\u00e9bergement<\/strong><\/strong><br>cyon GmbH<br>Aeschengraben 6<br>4051 Basel<br><a href=\"http:\/\/www.cyon.ch\/\" target=\"_blank\" rel=\"noreferrer noopener\">www.cyon.ch<\/a><\/p>\n","protected":false},"excerpt":{"rendered":"<p>Exploitant du site webPLR.Les Lib\u00e9raux-RadicauxNeuengasse 20Case postaleCH-3011 Berneinfo@plr.ch Concept et programmationBERTAKOMMJosefstrasse 2128005 Z\u00fcrichwww.bertakomm.ch H\u00e9bergementcyon GmbHAeschengraben 64051 Baselwww.cyon.ch<\/p>\n","protected":false},"author":1,"featured_media":0,"parent":0,"menu_order":0,"comment_status":"closed","ping_status":"closed","template":"","meta":{"_acf_changed":false,"inline_featured_image":false,"footnotes":""},"class_list":["post-483","page","type-page","status-publish","hentry"],"acf":[],"_links":{"self":[{"href":"https:\/\/kampagne.fdp.ch\/fr\/wp-json\/wp\/v2\/pages\/483","targetHints":{"allow":["GET"]}}],"collection":[{"href":"https:\/\/kampagne.fdp.ch\/fr\/wp-json\/wp\/v2\/pages"}],"about":[{"href":"https:\/\/kampagne.fdp.ch\/fr\/wp-json\/wp\/v2\/types\/page"}],"author":[{"embeddable":true,"href":"https:\/\/kampagne.fdp.ch\/fr\/wp-json\/wp\/v2\/users\/1"}],"replies":[{"embeddable":true,"href":"https:\/\/kampagne.fdp.ch\/fr\/wp-json\/wp\/v2\/comments?post=483"}],"version-history":[{"count":3,"href":"https:\/\/kampagne.fdp.ch\/fr\/wp-json\/wp\/v2\/pages\/483\/revisions"}],"predecessor-version":[{"id":502,"href":"https:\/\/kampagne.fdp.ch\/fr\/wp-json\/wp\/v2\/pages\/483\/revisions\/502"}],"wp:attachment":[{"href":"https:\/\/kampagne.fdp.ch\/fr\/wp-json\/wp\/v2\/media?parent=483"}],"curies":[{"name":"wp","href":"https:\/\/api.w.org\/{rel}","templated":true}]}}